{"id":3,"date":"2020-09-28T21:26:58","date_gmt":"2020-09-28T21:26:58","guid":{"rendered":"https:\/\/box2320\/cgi\/addon_GT.cgi?s=GT::WP::Install::EIG+%28paulonma%29+-+10.0.87.62+%5BWordPress%3b+\/var\/hp\/common\/lib\/WordPress.pm%3b+292%3b+Hosting::gap_call%5D\/?page_id=3"},"modified":"2021-01-11T08:02:49","modified_gmt":"2021-01-11T08:02:49","slug":"privacy-policy","status":"publish","type":"page","link":"https:\/\/politeia-online.pt\/en\/privacy-policy\/","title":{"rendered":"Privacy Policy"},"content":{"rendered":"<div data-elementor-type=\"wp-page\" data-elementor-id=\"3\" class=\"elementor elementor-3\" data-elementor-post-type=\"page\">\n\t\t\t\t\t\t<div class=\"elementor-inner\">\n\t\t\t\t<div class=\"elementor-section-wrap\">\n\t\t\t\t\t\t\t\t\t<section class=\"elementor-section elementor-top-section elementor-element elementor-element-5f1e72cf elementor-section-height-min-height elementor-section-full_width elementor-section-height-default elementor-section-items-middle\" data-id=\"5f1e72cf\" data-element_type=\"section\" data-settings=\"{&quot;background_background&quot;:&quot;classic&quot;}\">\n\t\t\t\t\t\t\t<div class=\"elementor-background-overlay\"><\/div>\n\t\t\t\t\t\t\t<div class=\"elementor-container elementor-column-gap-default\">\n\t\t\t\t\t\t\t<div class=\"elementor-row\">\n\t\t\t\t\t<div class=\"elementor-column elementor-col-100 elementor-top-column elementor-element elementor-element-4d4bd53d\" data-id=\"4d4bd53d\" data-element_type=\"column\">\n\t\t\t<div class=\"elementor-column-wrap elementor-element-populated\">\n\t\t\t\t\t\t\t<div class=\"elementor-widget-wrap\">\n\t\t\t\t\t\t<section class=\"elementor-section elementor-inner-section elementor-element elementor-element-611de7dd elementor-section-boxed elementor-section-height-default elementor-section-height-default\" data-id=\"611de7dd\" data-element_type=\"section\">\n\t\t\t\t\t\t<div class=\"elementor-container elementor-column-gap-default\">\n\t\t\t\t\t\t\t<div class=\"elementor-row\">\n\t\t\t\t\t<div class=\"elementor-column elementor-col-100 elementor-inner-column elementor-element elementor-element-3bc8f00f\" data-id=\"3bc8f00f\" data-element_type=\"column\">\n\t\t\t<div class=\"elementor-column-wrap elementor-element-populated\">\n\t\t\t\t\t\t\t<div class=\"elementor-widget-wrap\">\n\t\t\t\t\t\t<div class=\"elementor-element elementor-element-79d226a4 elementor-widget elementor-widget-heading\" data-id=\"79d226a4\" data-element_type=\"widget\" data-widget_type=\"heading.default\">\n\t\t\t\t<div class=\"elementor-widget-container\">\n\t\t\t<h2 class=\"elementor-heading-title elementor-size-default\">Privacy Policy<\/h2>\t\t<\/div>\n\t\t\t\t<\/div>\n\t\t\t\t\t\t<\/div>\n\t\t\t\t\t<\/div>\n\t\t<\/div>\n\t\t\t\t\t\t\t\t<\/div>\n\t\t\t\t\t<\/div>\n\t\t<\/section>\n\t\t\t\t\t\t<\/div>\n\t\t\t\t\t<\/div>\n\t\t<\/div>\n\t\t\t\t\t\t\t\t<\/div>\n\t\t\t\t\t<\/div>\n\t\t<\/section>\n\t\t\t\t<section class=\"elementor-section elementor-top-section elementor-element elementor-element-1a9dce5e elementor-section-boxed elementor-section-height-default elementor-section-height-default\" data-id=\"1a9dce5e\" data-element_type=\"section\">\n\t\t\t\t\t\t<div class=\"elementor-container elementor-column-gap-default\">\n\t\t\t\t\t\t\t<div class=\"elementor-row\">\n\t\t\t\t\t<div class=\"elementor-column elementor-col-100 elementor-top-column elementor-element elementor-element-1c7e21ac\" data-id=\"1c7e21ac\" data-element_type=\"column\">\n\t\t\t<div class=\"elementor-column-wrap elementor-element-populated\">\n\t\t\t\t\t\t\t<div class=\"elementor-widget-wrap\">\n\t\t\t\t\t\t<div class=\"elementor-element elementor-element-2d2194a8 elementor-widget elementor-widget-text-editor\" data-id=\"2d2194a8\" data-element_type=\"widget\" data-widget_type=\"text-editor.default\">\n\t\t\t\t<div class=\"elementor-widget-container\">\n\t\t\t\t\t\t\t\t<div class=\"elementor-text-editor elementor-clearfix\">\n\t\t\t\t<p><!-- wp:heading --><\/p>\n<p>\u00a0<\/p>\n<p class=\"p1\">Politeia On Line - Repository of the Portuguese Journal of Police Sciences<\/p>\n<p class=\"p1\">Privacy policy<\/p>\n<p class=\"p2 translation-block\"><span class=\"s1\"> Politeia On Line is an open access repository for the Portuguese Journal of Police Sciences. <\/span> When consulting the information on this website, the responsibility of the Study Center of the Instituto Superior de Ci\u00eancias Policias and Internal Security, for short referred to as ICPOL, the following general terms and conditions of use are established:<\/p>\n<ol class=\"ol1\">\n<li class=\"li3\">Access and use of the information made available to users is subject to the legal and special rules in force in Portugal and to the general terms and conditions established here, it being understood that whoever accesses this site knows the conditions of use from the outset and accepts them without limitations.<\/li>\n<li class=\"li3\">This site is informative. For this purpose, ICPOL does not require any registration when accessing this Repository, and in exceptional situations (eg, requests for clarification or requests for texts from previous issues of the Magazine), identity and email address may be requested, with personal data being protected in terms of the law and cannot be disclosed as such.<\/li>\n<li class=\"li3\">Reproduction of part of the information contained in this website is permitted, provided that the source is mentioned, is intended for non-commercial purposes, has been obtained lawfully and does not conflict with legally protected data.<\/li>\n<li class=\"li4 translation-block\">Any question regarding Politeia On Line should be addressed to the ICPOL \/ PSP Documentation and Information Center (CDI), by email <a href=\"mailto:cdi.iscpsi@psp.pt\" target=\"_self\"> <span class=\"s2\"> cdi.iscpsi@psp.pt <\/span> <\/a>, to the attention of its Coordinator, who is responsible for the electronic editing of this Repository.<\/li>\n<\/ol>\n<p><!-- \/wp:heading --><\/p>\t\t\t\t\t<\/div>\n\t\t\t\t\t\t<\/div>\n\t\t\t\t<\/div>\n\t\t\t\t\t\t<\/div>\n\t\t\t\t\t<\/div>\n\t\t<\/div>\n\t\t\t\t\t\t\t\t<\/div>\n\t\t\t\t\t<\/div>\n\t\t<\/section>\n\t\t\t\t\t\t\t\t\t<\/div>\n\t\t\t<\/div>\n\t\t\t\t\t<\/div>","protected":false},"excerpt":{"rendered":"<p>Pol\u00edtica de Privacidade \u00a0 Politeia On Line \u2013 Reposit\u00f3rio da Revista Portuguesa de Ci\u00eancias Policiais Pol\u00edtica de privacidade Politeia On Line \u00e9 um reposit\u00f3rio de acesso aberto \u00e0 Revista Portuguesa de Ci\u00eancias Policiais. Na consulta \u00e0 informa\u00e7\u00e3o constante deste s\u00edtio na Web, da responsabilidade do Centro de Estudos do Instituto Superior de Ci\u00eancias Policias e [&hellip;]<\/p>","protected":false},"author":3,"featured_media":0,"parent":0,"menu_order":0,"comment_status":"closed","ping_status":"open","template":"elementor_header_footer","meta":{"footnotes":""},"_links":{"self":[{"href":"https:\/\/politeia-online.pt\/en\/wp-json\/wp\/v2\/pages\/3"}],"collection":[{"href":"https:\/\/politeia-online.pt\/en\/wp-json\/wp\/v2\/pages"}],"about":[{"href":"https:\/\/politeia-online.pt\/en\/wp-json\/wp\/v2\/types\/page"}],"author":[{"embeddable":true,"href":"https:\/\/politeia-online.pt\/en\/wp-json\/wp\/v2\/users\/3"}],"replies":[{"embeddable":true,"href":"https:\/\/politeia-online.pt\/en\/wp-json\/wp\/v2\/comments?post=3"}],"version-history":[{"count":5,"href":"https:\/\/politeia-online.pt\/en\/wp-json\/wp\/v2\/pages\/3\/revisions"}],"predecessor-version":[{"id":1315,"href":"https:\/\/politeia-online.pt\/en\/wp-json\/wp\/v2\/pages\/3\/revisions\/1315"}],"wp:attachment":[{"href":"https:\/\/politeia-online.pt\/en\/wp-json\/wp\/v2\/media?parent=3"}],"curies":[{"name":"wp","href":"https:\/\/api.w.org\/{rel}","templated":true}]}}