{"id":623,"date":"2020-10-22T14:39:09","date_gmt":"2020-10-22T14:39:09","guid":{"rendered":"https:\/\/devlop.space\/?page_id=623"},"modified":"2021-02-19T13:12:31","modified_gmt":"2021-02-19T13:12:31","slug":"home","status":"publish","type":"page","link":"https:\/\/politeia-online.pt\/en\/","title":{"rendered":"Home"},"content":{"rendered":"<div data-elementor-type=\"wp-page\" data-elementor-id=\"623\" class=\"elementor elementor-623\" data-elementor-post-type=\"page\">\n\t\t\t\t\t\t<div class=\"elementor-inner\">\n\t\t\t\t<div class=\"elementor-section-wrap\">\n\t\t\t\t\t\t\t\t\t<section class=\"elementor-section elementor-top-section elementor-element elementor-element-3036f935 elementor-section-height-min-height elementor-section-full_width elementor-section-height-default elementor-section-items-middle\" data-id=\"3036f935\" data-element_type=\"section\" data-settings=\"{&quot;background_background&quot;:&quot;classic&quot;}\">\n\t\t\t\t\t\t\t<div class=\"elementor-background-overlay\"><\/div>\n\t\t\t\t\t\t\t<div class=\"elementor-container elementor-column-gap-default\">\n\t\t\t\t\t\t\t<div class=\"elementor-row\">\n\t\t\t\t\t<div class=\"elementor-column elementor-col-100 elementor-top-column elementor-element elementor-element-3e928d53\" data-id=\"3e928d53\" data-element_type=\"column\">\n\t\t\t<div class=\"elementor-column-wrap elementor-element-populated\">\n\t\t\t\t\t\t\t<div class=\"elementor-widget-wrap\">\n\t\t\t\t\t\t<section class=\"elementor-section elementor-inner-section elementor-element elementor-element-0ee8913 elementor-section-boxed elementor-section-height-default elementor-section-height-default\" data-id=\"0ee8913\" data-element_type=\"section\">\n\t\t\t\t\t\t<div class=\"elementor-container elementor-column-gap-default\">\n\t\t\t\t\t\t\t<div class=\"elementor-row\">\n\t\t\t\t\t<div class=\"elementor-column elementor-col-100 elementor-inner-column elementor-element elementor-element-c0431e4\" data-id=\"c0431e4\" data-element_type=\"column\">\n\t\t\t<div class=\"elementor-column-wrap elementor-element-populated\">\n\t\t\t\t\t\t\t<div class=\"elementor-widget-wrap\">\n\t\t\t\t\t\t<div class=\"elementor-element elementor-element-8c22c81 elementor-widget elementor-widget-image\" data-id=\"8c22c81\" data-element_type=\"widget\" data-widget_type=\"image.default\">\n\t\t\t\t<div class=\"elementor-widget-container\">\n\t\t\t\t\t\t\t\t<div class=\"elementor-image\">\n\t\t\t\t\t\t\t\t\t\t\t\t<img loading=\"lazy\" decoding=\"async\" width=\"768\" height=\"1049\" src=\"https:\/\/politeia-online.pt\/wp-content\/uploads\/2020\/12\/PSP_INSTITUTO_SUPERIOR_DE_CIE\u0302NCIAS_POLICIAIS_E_SEGURANC\u0327A_INTERNA-768x1049.png\" class=\"attachment-medium_large size-medium_large wp-image-1171\" alt=\"\" srcset=\"https:\/\/politeia-online.pt\/wp-content\/uploads\/2020\/12\/PSP_INSTITUTO_SUPERIOR_DE_CIE\u0302NCIAS_POLICIAIS_E_SEGURANC\u0327A_INTERNA-768x1049.png 768w, https:\/\/politeia-online.pt\/wp-content\/uploads\/2020\/12\/PSP_INSTITUTO_SUPERIOR_DE_CIE\u0302NCIAS_POLICIAIS_E_SEGURANC\u0327A_INTERNA-220x300.png 220w, https:\/\/politeia-online.pt\/wp-content\/uploads\/2020\/12\/PSP_INSTITUTO_SUPERIOR_DE_CIE\u0302NCIAS_POLICIAIS_E_SEGURANC\u0327A_INTERNA-749x1024.png 749w, https:\/\/politeia-online.pt\/wp-content\/uploads\/2020\/12\/PSP_INSTITUTO_SUPERIOR_DE_CIE\u0302NCIAS_POLICIAIS_E_SEGURANC\u0327A_INTERNA-1124x1536.png 1124w, https:\/\/politeia-online.pt\/wp-content\/uploads\/2020\/12\/PSP_INSTITUTO_SUPERIOR_DE_CIE\u0302NCIAS_POLICIAIS_E_SEGURANC\u0327A_INTERNA-9x12.png 9w, https:\/\/politeia-online.pt\/wp-content\/uploads\/2020\/12\/PSP_INSTITUTO_SUPERIOR_DE_CIE\u0302NCIAS_POLICIAIS_E_SEGURANC\u0327A_INTERNA.png 1171w\" sizes=\"(max-width: 768px) 100vw, 768px\" \/>\t\t\t\t\t\t\t\t\t\t\t\t\t\t<\/div>\n\t\t\t\t\t\t<\/div>\n\t\t\t\t<\/div>\n\t\t\t\t\t\t<\/div>\n\t\t\t\t\t<\/div>\n\t\t<\/div>\n\t\t\t\t\t\t\t\t<\/div>\n\t\t\t\t\t<\/div>\n\t\t<\/section>\n\t\t\t\t<section class=\"elementor-section elementor-inner-section elementor-element elementor-element-408cc181 elementor-section-boxed elementor-section-height-default elementor-section-height-default\" data-id=\"408cc181\" data-element_type=\"section\">\n\t\t\t\t\t\t<div class=\"elementor-container elementor-column-gap-default\">\n\t\t\t\t\t\t\t<div class=\"elementor-row\">\n\t\t\t\t\t<div class=\"elementor-column elementor-col-100 elementor-inner-column elementor-element elementor-element-5fc32974\" data-id=\"5fc32974\" data-element_type=\"column\">\n\t\t\t<div class=\"elementor-column-wrap elementor-element-populated\">\n\t\t\t\t\t\t\t<div class=\"elementor-widget-wrap\">\n\t\t\t\t\t\t<div class=\"elementor-element elementor-element-1e00a71 elementor-widget elementor-widget-heading\" data-id=\"1e00a71\" data-element_type=\"widget\" data-widget_type=\"heading.default\">\n\t\t\t\t<div class=\"elementor-widget-container\">\n\t\t\t<h2 class=\"elementor-heading-title elementor-size-default\">\nPoliteia Review- Online repository <\/h2>\t\t<\/div>\n\t\t\t\t<\/div>\n\t\t\t\t\t\t<\/div>\n\t\t\t\t\t<\/div>\n\t\t<\/div>\n\t\t\t\t\t\t\t\t<\/div>\n\t\t\t\t\t<\/div>\n\t\t<\/section>\n\t\t\t\t\t\t<\/div>\n\t\t\t\t\t<\/div>\n\t\t<\/div>\n\t\t\t\t\t\t\t\t<\/div>\n\t\t\t\t\t<\/div>\n\t\t<\/section>\n\t\t\t\t<section class=\"elementor-section elementor-top-section elementor-element elementor-element-f0c7126 elementor-section-boxed elementor-section-height-default elementor-section-height-default\" data-id=\"f0c7126\" data-element_type=\"section\">\n\t\t\t\t\t\t<div class=\"elementor-container elementor-column-gap-default\">\n\t\t\t\t\t\t\t<div class=\"elementor-row\">\n\t\t\t\t\t<div class=\"elementor-column elementor-col-100 elementor-top-column elementor-element elementor-element-726d3ad\" data-id=\"726d3ad\" data-element_type=\"column\">\n\t\t\t<div class=\"elementor-column-wrap elementor-element-populated\">\n\t\t\t\t\t\t\t<div class=\"elementor-widget-wrap\">\n\t\t\t\t\t\t<div class=\"elementor-element elementor-element-87179c4 elementor-widget elementor-widget-spacer\" data-id=\"87179c4\" data-element_type=\"widget\" data-widget_type=\"spacer.default\">\n\t\t\t\t<div class=\"elementor-widget-container\">\n\t\t\t\t\t<div class=\"elementor-spacer\">\n\t\t\t<div class=\"elementor-spacer-inner\"><\/div>\n\t\t<\/div>\n\t\t\t\t<\/div>\n\t\t\t\t<\/div>\n\t\t\t\t<div class=\"elementor-element elementor-element-a54a844 elementor-widget elementor-widget-text-editor\" data-id=\"a54a844\" data-element_type=\"widget\" data-widget_type=\"text-editor.default\">\n\t\t\t\t<div class=\"elementor-widget-container\">\n\t\t\t\t\t\t\t\t<div class=\"elementor-text-editor elementor-clearfix\">\n\t\t\t\t<div class=\"ms-rteFontFace-5 ms-rteFontSize-3\">The\u00a0<em>Politeia<\/em>, owned by the Higher Institute of Police Sciences and Homeland Security, is an electronic periodical publication aimed at disseminating research and research activities carried out by the scientific community.<\/div>\t\t\t\t\t<\/div>\n\t\t\t\t\t\t<\/div>\n\t\t\t\t<\/div>\n\t\t\t\t\t\t<\/div>\n\t\t\t\t\t<\/div>\n\t\t<\/div>\n\t\t\t\t\t\t\t\t<\/div>\n\t\t\t\t\t<\/div>\n\t\t<\/section>\n\t\t\t\t<section class=\"elementor-section elementor-top-section elementor-element elementor-element-fb7552e elementor-section-boxed elementor-section-height-default elementor-section-height-default\" data-id=\"fb7552e\" data-element_type=\"section\">\n\t\t\t\t\t\t<div class=\"elementor-container elementor-column-gap-default\">\n\t\t\t\t\t\t\t<div class=\"elementor-row\">\n\t\t\t\t\t<div class=\"elementor-column elementor-col-50 elementor-top-column elementor-element elementor-element-acd2b92\" data-id=\"acd2b92\" data-element_type=\"column\">\n\t\t\t<div class=\"elementor-column-wrap elementor-element-populated\">\n\t\t\t\t\t\t\t<div class=\"elementor-widget-wrap\">\n\t\t\t\t\t\t<div class=\"elementor-element elementor-element-c0d3eea elementor-widget elementor-widget-text-editor\" data-id=\"c0d3eea\" data-element_type=\"widget\" data-widget_type=\"text-editor.default\">\n\t\t\t\t<div class=\"elementor-widget-container\">\n\t\t\t\t\t\t\t\t<div class=\"elementor-text-editor elementor-clearfix\">\n\t\t\t\t<p class=\"p1 translation-block\">A new cycle of the POLITEIA review allows the retaking of the contact, so necessary, between those who write and those who read scientific texts on subjects that interest a growing community of specialists and others concerned with police sciences issues and other sciences related to them.. <span style=\"font-size: 1rem\"> And the fact is that this community has registered a significant growth on both sides that intertwine (readers and writers). This growth stems from a broad acceptance of the themes of public security in contemporary societies, explained by the centrality that this topic has in everyday life, the fruit of a <\/span> <span style=\"font-size: 1rem\"> societal mutation that is important to know and monitor. <\/span> <span style=\"font-size: 1rem\"> <\/span><\/p>\t\t\t\t\t<\/div>\n\t\t\t\t\t\t<\/div>\n\t\t\t\t<\/div>\n\t\t\t\t\t\t<\/div>\n\t\t\t\t\t<\/div>\n\t\t<\/div>\n\t\t\t\t<div class=\"elementor-column elementor-col-50 elementor-top-column elementor-element elementor-element-02a1d6a\" data-id=\"02a1d6a\" data-element_type=\"column\">\n\t\t\t<div class=\"elementor-column-wrap elementor-element-populated\">\n\t\t\t\t\t\t\t<div class=\"elementor-widget-wrap\">\n\t\t\t\t\t\t<div class=\"elementor-element elementor-element-ecb28f8 elementor-widget elementor-widget-text-editor\" data-id=\"ecb28f8\" data-element_type=\"widget\" data-widget_type=\"text-editor.default\">\n\t\t\t\t<div class=\"elementor-widget-container\">\n\t\t\t\t\t\t\t\t<div class=\"elementor-text-editor elementor-clearfix\">\n\t\t\t\t<p class=\" translation-block\"><span style=\"font-size: 1rem\"> This is our purpose, which motivates us to publish. <\/span> <span style=\"font-size: 1rem\"> POLITEIA is a scientific journal that has never positioned itself in a restricted, specialized communication logic , exclusively oriented towards a niche of professionals. <\/span> <span style=\"font-size: 1rem\"> The very nature of security issues, which is assumed to be interdisciplinary, encourages us to look new horizons, different approaches, and also other means of dissemination. <\/span> <span style=\"font-size: 1rem\"> It is with particular satisfaction that the Direction of POLITEIA review now allows access to the your content over the internet. <\/span><\/p>\t\t\t\t\t<\/div>\n\t\t\t\t\t\t<\/div>\n\t\t\t\t<\/div>\n\t\t\t\t\t\t<\/div>\n\t\t\t\t\t<\/div>\n\t\t<\/div>\n\t\t\t\t\t\t\t\t<\/div>\n\t\t\t\t\t<\/div>\n\t\t<\/section>\n\t\t\t\t<section class=\"elementor-section elementor-top-section elementor-element elementor-element-b30ba6a elementor-section-boxed elementor-section-height-default elementor-section-height-default\" data-id=\"b30ba6a\" data-element_type=\"section\">\n\t\t\t\t\t\t<div class=\"elementor-container elementor-column-gap-default\">\n\t\t\t\t\t\t\t<div class=\"elementor-row\">\n\t\t\t\t\t<div class=\"elementor-column elementor-col-100 elementor-top-column elementor-element elementor-element-e52bd12\" data-id=\"e52bd12\" data-element_type=\"column\">\n\t\t\t<div class=\"elementor-column-wrap elementor-element-populated\">\n\t\t\t\t\t\t\t<div class=\"elementor-widget-wrap\">\n\t\t\t\t\t\t<div class=\"elementor-element elementor-element-86fcf40 elementor-widget elementor-widget-spacer\" data-id=\"86fcf40\" data-element_type=\"widget\" data-widget_type=\"spacer.default\">\n\t\t\t\t<div class=\"elementor-widget-container\">\n\t\t\t\t\t<div class=\"elementor-spacer\">\n\t\t\t<div class=\"elementor-spacer-inner\"><\/div>\n\t\t<\/div>\n\t\t\t\t<\/div>\n\t\t\t\t<\/div>\n\t\t\t\t\t\t<\/div>\n\t\t\t\t\t<\/div>\n\t\t<\/div>\n\t\t\t\t\t\t\t\t<\/div>\n\t\t\t\t\t<\/div>\n\t\t<\/section>\n\t\t\t\t<section class=\"elementor-section elementor-top-section elementor-element elementor-element-7a62a53 elementor-section-boxed elementor-section-height-default elementor-section-height-default\" data-id=\"7a62a53\" data-element_type=\"section\">\n\t\t\t\t\t\t<div class=\"elementor-container elementor-column-gap-default\">\n\t\t\t\t\t\t\t<div class=\"elementor-row\">\n\t\t\t\t\t<div class=\"elementor-column elementor-col-100 elementor-top-column elementor-element elementor-element-1f76a5c\" data-id=\"1f76a5c\" data-element_type=\"column\" data-settings=\"{&quot;background_background&quot;:&quot;classic&quot;}\">\n\t\t\t<div class=\"elementor-column-wrap elementor-element-populated\">\n\t\t\t\t\t\t\t<div class=\"elementor-widget-wrap\">\n\t\t\t\t\t\t<section class=\"elementor-section elementor-inner-section elementor-element elementor-element-33d6725 elementor-section-boxed elementor-section-height-default elementor-section-height-default\" data-id=\"33d6725\" data-element_type=\"section\">\n\t\t\t\t\t\t<div class=\"elementor-container elementor-column-gap-default\">\n\t\t\t\t\t\t\t<div class=\"elementor-row\">\n\t\t\t\t\t<div class=\"elementor-column elementor-col-66 elementor-inner-column elementor-element elementor-element-08c30af\" data-id=\"08c30af\" data-element_type=\"column\">\n\t\t\t<div class=\"elementor-column-wrap elementor-element-populated\">\n\t\t\t\t\t\t\t<div class=\"elementor-widget-wrap\">\n\t\t\t\t\t\t<div class=\"elementor-element elementor-element-3cba933 elementor-widget elementor-widget-heading\" data-id=\"3cba933\" data-element_type=\"widget\" data-widget_type=\"heading.default\">\n\t\t\t\t<div class=\"elementor-widget-container\">\n\t\t\t<h2 class=\"elementor-heading-title elementor-size-default\">Last Edition<\/h2>\t\t<\/div>\n\t\t\t\t<\/div>\n\t\t\t\t\t\t<\/div>\n\t\t\t\t\t<\/div>\n\t\t<\/div>\n\t\t\t\t<div class=\"elementor-column elementor-col-33 elementor-inner-column elementor-element elementor-element-84702d7\" data-id=\"84702d7\" data-element_type=\"column\">\n\t\t\t<div class=\"elementor-column-wrap elementor-element-populated\">\n\t\t\t\t\t\t\t<div class=\"elementor-widget-wrap\">\n\t\t\t\t\t\t<div class=\"elementor-element elementor-element-4e319ba elementor-widget elementor-widget-shortcode\" data-id=\"4e319ba\" data-element_type=\"widget\" data-widget_type=\"shortcode.default\">\n\t\t\t\t<div class=\"elementor-widget-container\">\n\t\t\t\t\t<div class=\"elementor-shortcode\"><div class=\"elementor-element elementor-element-f1f2e02 elementor-widget elementor-widget-image\" data-id=\"f1f2e02\" data-element_type=\"widget\" data-widget_type=\"image.default\">\r\n\t<div class=\"elementor-widget-container\">\r\n\t\t<div class=\"elementor-image\">\r\n\t\t\t<a href=\"https:\/\/politeia-online.pt\/en\/edition\/politeia-preprints\/\">\r\n\t\t\t\t<img decoding=\"async\" width=\"728\" height=\"945\" src=\"https:\/\/politeia-online.pt\/wp-content\/uploads\/2022\/03\/PREPRINT-COLLECTION.jpg\" class=\"attachment-large size-large\" alt=\"\" loading=\"lazy\" srcset=\"https:\/\/politeia-online.pt\/wp-content\/uploads\/2022\/03\/PREPRINT-COLLECTION.jpg 728w, https:\/\/politeia-online.pt\/wp-content\/uploads\/2022\/03\/PREPRINT-COLLECTION.jpg 231w\" sizes=\"(max-width: 728px) 100vw, 728px\">\t\t\t\t\t\t\r\n\t\t\t<\/a>\r\n\t\t<\/div>\r\n\t<\/div>\r\n<\/div><\/div>\n\t\t\t\t<\/div>\n\t\t\t\t<\/div>\n\t\t\t\t\t\t<\/div>\n\t\t\t\t\t<\/div>\n\t\t<\/div>\n\t\t\t\t\t\t\t\t<\/div>\n\t\t\t\t\t<\/div>\n\t\t<\/section>\n\t\t\t\t\t\t<\/div>\n\t\t\t\t\t<\/div>\n\t\t<\/div>\n\t\t\t\t\t\t\t\t<\/div>\n\t\t\t\t\t<\/div>\n\t\t<\/section>\n\t\t\t\t<section class=\"elementor-section elementor-top-section elementor-element elementor-element-6c75649 elementor-section-boxed elementor-section-height-default elementor-section-height-default\" data-id=\"6c75649\" data-element_type=\"section\">\n\t\t\t\t\t\t<div class=\"elementor-container elementor-column-gap-default\">\n\t\t\t\t\t\t\t<div class=\"elementor-row\">\n\t\t\t\t\t<div class=\"elementor-column elementor-col-100 elementor-top-column elementor-element elementor-element-5fd8168\" data-id=\"5fd8168\" data-element_type=\"column\">\n\t\t\t<div class=\"elementor-column-wrap elementor-element-populated\">\n\t\t\t\t\t\t\t<div class=\"elementor-widget-wrap\">\n\t\t\t\t\t\t<div class=\"elementor-element elementor-element-5e48330 elementor-widget elementor-widget-spacer\" data-id=\"5e48330\" data-element_type=\"widget\" data-widget_type=\"spacer.default\">\n\t\t\t\t<div class=\"elementor-widget-container\">\n\t\t\t\t\t<div class=\"elementor-spacer\">\n\t\t\t<div class=\"elementor-spacer-inner\"><\/div>\n\t\t<\/div>\n\t\t\t\t<\/div>\n\t\t\t\t<\/div>\n\t\t\t\t\t\t<\/div>\n\t\t\t\t\t<\/div>\n\t\t<\/div>\n\t\t\t\t\t\t\t\t<\/div>\n\t\t\t\t\t<\/div>\n\t\t<\/section>\n\t\t\t\t\t\t\t\t\t<\/div>\n\t\t\t<\/div>\n\t\t\t\t\t<\/div>","protected":false},"excerpt":{"rendered":"<p>Revista Politeia &#8211; reposit\u00f3rio Online A\u00a0Politeia, propriedade do Instituto Superior de Ci\u00eancias Policiais e Seguran\u00e7a Interna, \u00e9 uma publica\u00e7\u00e3o peri\u00f3dica eletr\u00f3nica que visa a divulga\u00e7\u00e3o das atividades de investiga\u00e7\u00e3o e pesquisa desenvolvidas pela comunidade cient\u00edfica. Um novo ciclo da revista POLITEIA permite retomar o contacto, t\u00e3o necess\u00e1rio, entre quem escreve e quem l\u00ea textos cient\u00edficos [&hellip;]<\/p>","protected":false},"author":3,"featured_media":0,"parent":0,"menu_order":0,"comment_status":"closed","ping_status":"closed","template":"elementor_header_footer","meta":{"footnotes":""},"_links":{"self":[{"href":"https:\/\/politeia-online.pt\/en\/wp-json\/wp\/v2\/pages\/623"}],"collection":[{"href":"https:\/\/politeia-online.pt\/en\/wp-json\/wp\/v2\/pages"}],"about":[{"href":"https:\/\/politeia-online.pt\/en\/wp-json\/wp\/v2\/types\/page"}],"author":[{"embeddable":true,"href":"https:\/\/politeia-online.pt\/en\/wp-json\/wp\/v2\/users\/3"}],"replies":[{"embeddable":true,"href":"https:\/\/politeia-online.pt\/en\/wp-json\/wp\/v2\/comments?post=623"}],"version-history":[{"count":6,"href":"https:\/\/politeia-online.pt\/en\/wp-json\/wp\/v2\/pages\/623\/revisions"}],"predecessor-version":[{"id":1704,"href":"https:\/\/politeia-online.pt\/en\/wp-json\/wp\/v2\/pages\/623\/revisions\/1704"}],"wp:attachment":[{"href":"https:\/\/politeia-online.pt\/en\/wp-json\/wp\/v2\/media?parent=623"}],"curies":[{"name":"wp","href":"https:\/\/api.w.org\/{rel}","templated":true}]}}