{"id":650,"date":"2020-10-22T15:57:06","date_gmt":"2020-10-22T15:57:06","guid":{"rendered":"https:\/\/devlop.space\/?page_id=650"},"modified":"2021-03-24T11:41:50","modified_gmt":"2021-03-24T11:41:50","slug":"submissao","status":"publish","type":"page","link":"https:\/\/politeia-online.pt\/en\/submissao\/","title":{"rendered":"Submiss\u00e3o"},"content":{"rendered":"<div data-elementor-type=\"wp-page\" data-elementor-id=\"650\" class=\"elementor elementor-650\" data-elementor-post-type=\"page\">\n\t\t\t\t\t\t<div class=\"elementor-inner\">\n\t\t\t\t<div class=\"elementor-section-wrap\">\n\t\t\t\t\t\t\t\t\t<section class=\"elementor-section elementor-top-section elementor-element elementor-element-14002717 elementor-section-height-min-height elementor-section-full_width elementor-section-content-middle elementor-section-height-default elementor-section-items-middle\" data-id=\"14002717\" data-element_type=\"section\" data-settings=\"{&quot;background_background&quot;:&quot;classic&quot;}\">\n\t\t\t\t\t\t\t<div class=\"elementor-background-overlay\"><\/div>\n\t\t\t\t\t\t\t<div class=\"elementor-container elementor-column-gap-default\">\n\t\t\t\t\t\t\t<div class=\"elementor-row\">\n\t\t\t\t\t<div class=\"elementor-column elementor-col-100 elementor-top-column elementor-element elementor-element-5704e028\" data-id=\"5704e028\" data-element_type=\"column\">\n\t\t\t<div class=\"elementor-column-wrap elementor-element-populated\">\n\t\t\t\t\t\t\t<div class=\"elementor-widget-wrap\">\n\t\t\t\t\t\t<section class=\"elementor-section elementor-inner-section elementor-element elementor-element-573c5767 elementor-section-boxed elementor-section-height-default elementor-section-height-default\" data-id=\"573c5767\" data-element_type=\"section\">\n\t\t\t\t\t\t<div class=\"elementor-container elementor-column-gap-default\">\n\t\t\t\t\t\t\t<div class=\"elementor-row\">\n\t\t\t\t\t<div class=\"elementor-column elementor-col-100 elementor-inner-column elementor-element elementor-element-13ea65e4\" data-id=\"13ea65e4\" data-element_type=\"column\">\n\t\t\t<div class=\"elementor-column-wrap elementor-element-populated\">\n\t\t\t\t\t\t\t<div class=\"elementor-widget-wrap\">\n\t\t\t\t\t\t<div class=\"elementor-element elementor-element-12ed8baf elementor-widget elementor-widget-heading\" data-id=\"12ed8baf\" data-element_type=\"widget\" data-widget_type=\"heading.default\">\n\t\t\t\t<div class=\"elementor-widget-container\">\n\t\t\t<h2 class=\"elementor-heading-title elementor-size-default\">Submission of papers<\/h2>\t\t<\/div>\n\t\t\t\t<\/div>\n\t\t\t\t\t\t<\/div>\n\t\t\t\t\t<\/div>\n\t\t<\/div>\n\t\t\t\t\t\t\t\t<\/div>\n\t\t\t\t\t<\/div>\n\t\t<\/section>\n\t\t\t\t\t\t<\/div>\n\t\t\t\t\t<\/div>\n\t\t<\/div>\n\t\t\t\t\t\t\t\t<\/div>\n\t\t\t\t\t<\/div>\n\t\t<\/section>\n\t\t\t\t<section class=\"elementor-section elementor-top-section elementor-element elementor-element-cd9e776 elementor-section-boxed elementor-section-height-default elementor-section-height-default\" data-id=\"cd9e776\" data-element_type=\"section\">\n\t\t\t\t\t\t<div class=\"elementor-container elementor-column-gap-default\">\n\t\t\t\t\t\t\t<div class=\"elementor-row\">\n\t\t\t\t\t<div class=\"elementor-column elementor-col-100 elementor-top-column elementor-element elementor-element-80fc05c\" data-id=\"80fc05c\" data-element_type=\"column\">\n\t\t\t<div class=\"elementor-column-wrap elementor-element-populated\">\n\t\t\t\t\t\t\t<div class=\"elementor-widget-wrap\">\n\t\t\t\t\t\t<div class=\"elementor-element elementor-element-1af58eb elementor-widget elementor-widget-spacer\" data-id=\"1af58eb\" data-element_type=\"widget\" data-widget_type=\"spacer.default\">\n\t\t\t\t<div class=\"elementor-widget-container\">\n\t\t\t\t\t<div class=\"elementor-spacer\">\n\t\t\t<div class=\"elementor-spacer-inner\"><\/div>\n\t\t<\/div>\n\t\t\t\t<\/div>\n\t\t\t\t<\/div>\n\t\t\t\t<div class=\"elementor-element elementor-element-c3540b1 elementor-widget elementor-widget-text-editor\" data-id=\"c3540b1\" data-element_type=\"widget\" data-widget_type=\"text-editor.default\">\n\t\t\t\t<div class=\"elementor-widget-container\">\n\t\t\t\t\t\t\t\t<div class=\"elementor-text-editor elementor-clearfix\">\n\t\t\t\t<p>The<strong> submiss\u00e3o de artigos carece do cumprimento de um conjunto de pressupostos que se mencionam pro mem\u00f3ria:<\/strong><\/p>\n<blockquote dir=\"ltr\">\n<p>i) Framework within the scope of the magazine;<\/p>\n<p>ii) Non-detection of plagiarism;<\/p>\n<p>iii) Not having been previously published;<\/p>\n<p>iv) Not being evaluated in another magazine;<\/p>\n<p>v) Be approved by all authors;<\/p>\n<p>vi) Obey the rules mentioned.<\/p>\n<\/blockquote>\n<p>Failure to comply with these requirements means the immediate rejection of any submission.<\/p>\n<p class=\" translation-block\">Authors are responsible for making false statements or for failing to comply with the requirements, and must individually sign a Declaration of Transmission of Rights (<a> Attachment <\/a>).<\/p>\n<h5><b>Toda a documenta\u00e7\u00e3o relacionada com a submiss\u00e3o de artigos dever\u00e1 ser remetida para o endere\u00e7o ci.iscpsi@psp.pt com a indica\u00e7\u00e3o expressa do remetente (nome e endere\u00e7o eletr\u00f3nico).<\/b><\/h5>\n<p><\/p>\n<p><strong>The papers to be submitted to the Journal can be of four types:<\/strong><\/p>\n<blockquote dir=\"ltr\">\n<p>i) Empirical studies;<\/p>\n<p>ii) Theoretical studies;<\/p>\n<p>iii) Review studies;&nbsp;<\/p>\n<p>iv) Case study.&nbsp;<\/p>\n<\/blockquote>\n<p><em>Instructions for authors<\/em><\/p>\n<div>\n<div>Empirical Studies must obey, without fail, the following structure: Introduction (Objectives, Relevance, State of Art and Formulation of the Problem); Method (Hypotheses; Sample \/ Corpus \/ Participants; Instruments; Procedure); Presentation and Discussion of Results; and, Conclusion.<\/div>\n<div>&nbsp;<\/div>\n<div>Theoretical Studies must obey, without fail, the following structure: Introduction (Objectives, Relevance); State of Art (Theoretical Contextualization and Theoretical or Conceptual Hypotheses); Perspectives \/ Guidelines (Relations, Contradictions and Inconsistencies); and, Discussion \/ Conclusion (Theoretical and Practical Implications).<\/div>\n<div>&nbsp;<\/div>\n<div>Review Studies must obey the following structure: Introduction (Objectives, Relevance); State of Art (Theoretical Contextualization and Theoretical or Conceptual Hypotheses); Perspectives \/ Guidelines (Relations, Contradictions and Inconsistencies); and, Discussion \/ Conclusion (Theoretical and Practical Implications).<\/div>\n<div>&nbsp;<\/div>\n<div>The Case Studies must obey, necessarily, the following structure: Introduction (Objectives, Relevance, State of Art, and Formulation of the Problem); Method (Participant \/ Event \/ Organization; Instruments; Procedure); Presentation and Discussion of Results; and, Conclusion.<\/div>\n<\/div>\n<div>&nbsp;<\/div>\n<div>&nbsp;<\/div>\n<div>\n<p><strong>Page Limit<\/strong><\/p>\n<div>Papers should not exceed 10000 words, including figures, tables and references.Papers between 5000 and 7500 words are preferred. Exceptions should be duly justified.<\/div>\n<\/div>\n<div>&nbsp;<\/div>\n<div>&nbsp;<\/div>\n<div>\n<p><strong>Title page<\/strong><\/p>\n<div class=\" translation-block\">The title page should include (<a href=\"http:\/\/www.iscpsi.pt\/investigacao\/investigID\/politeia\/SOBRE_ABOUT\/Documents\/TtulodoArtigo.pdf\" target=\"_self\"> Attachment<\/a>):<\/div>\n<div>&nbsp;<\/div>\n<blockquote dir=\"ltr\">\n<p>a) Title of the article in the language chosen by the author (s);<\/p>\n<p>b) Name of the author (s);<\/p>\n<p>c) Affiliation and address of the author (s);<\/p>\n<p>d) Accountability of all author (s);<\/p>\n<p>e) Author's e-mail for correspondence;<\/p>\n<p>f) Type of article.<\/p>\n<\/blockquote>\n<\/div>\n<div>&nbsp;<\/div>\n<div>&nbsp;<\/div>\n<div>\n<p><strong>Resumo\/Abstract\/Resumen<\/strong><\/p>\n<div>The abstract should be presented in Portuguese, English and Spanish, be written in the past and not exceed 150 to 200 words; it should not contain figures \/ illustrations \/ graphs, tables \/ charts, abbreviations or references.<\/div>\n<div>&nbsp;<\/div>\n<div>The keywords must be three to five, alphabetically ordered, and can be used for indexing.<\/div>\n<\/div>\n<div>&nbsp;<\/div>\n<div>&nbsp;<\/div>\n<div><strong>Text<\/strong><\/div>\n<div>&nbsp;<\/div>\n<div>For the text the following rules are considered:<\/div>\n<div>&nbsp;<\/div>\n<blockquote dir=\"ltr\">\n<p>a) Articles must be presented in Word;<\/p>\n<p>b) Times New Roman font, size 12;<\/p>\n<p>c) 1.5 space between lines;<\/p>\n<p>d) Use of the insert tables function, to the detriment of Excel spreadsheets;<\/p>\n<p>e) Use of the Equation function to edit or insert formulas;<\/p>\n<p>f) Save the document in docx format (Word 2007 or higher) or in doc format (previous versions of Word), with the name of the article;<\/p>\n<p>g) The manuscript for review must not contain the name of the author (s);<\/p>\n<p>h) Avoid using more than three levels for titles and sub-titles;<\/p>\n<p>i) Abbreviations must be mentioned and defined in their first mention and used subsequently in a consistent manner;<\/p>\n<p>j)&nbsp;As notas de rodap\u00e9 devem ser convertidas em notas de fim de texto. Quando estritamente necess\u00e1rias, s\u00e3o usadas para informa\u00e7\u00e3o extra, n\u00e3o devendo conter refer\u00eancias bibliogr\u00e1ficas. Tamb\u00e9m n\u00e3o devem conter figuras\/ilustra\u00e7\u00f5es\/gr\u00e1ficos ou tabelas\/quadros. As notas de fim de texto devem ser numeradas sequencialmente, usando para tal a fun\u00e7\u00e3o autom\u00e1tica existente no processador de texto.<\/p>\n<p><\/p>\n<\/blockquote>\n<div><strong>References and Citations<\/strong><\/div>\n<div>&nbsp;<\/div>\n<div class=\" translation-block\">Citations and references must be made in accordance with the American Psychological Association (APA) rules in effect <a href=\"http:\/\/www.apastyle.org\/\" target=\"_self\"> http: \/\/www.apastyle .org \/ <\/a>.<\/div>\n<div>&nbsp;<\/div>\n<div>&nbsp;<\/div>\n<div><strong>Tables<\/strong><\/div>\n<div>&nbsp;<\/div>\n<div>Tables\/Charts must follow APA standards. In short:<\/div>\n<blockquote dir=\"ltr\">\n<p>a) Tables\/Charts must be numbered sequentially, using Arabic numbering;<\/p>\n<p>b) They must be presented in sequential order in the text;<\/p>\n<p>c) They must contain a title describing their content;<\/p>\n<p>d) Any previously published material must be identified and the source mentioned;<\/p>\n<p>e) The notes of the tables\/charts must be identified below the table\/chart.<\/p>\n<\/blockquote>\n<div>&nbsp;<\/div>\n<div><strong>Figures \/ Illustrations \/ Graphics<\/strong><\/div>\n<div>&nbsp;<\/div>\n<div class=\" translation-block\">Figures \/ illustrations \/ graphics must follow the rules <a href=\"http:\/\/www.apastyle.org\/\" target=\"_self\"> APA. <\/a> In summary:<\/div>\n<div>&nbsp;<\/div>\n<blockquote dir=\"ltr\">\n<p>a) Figures \/ illustrations \/ graphs must be numbered sequentially, using Arabic numbers;<\/p>\n<p>b) They must be presented in the sequential order of the text;<\/p>\n<p>c) If there are figures \/ illustrations \/ graphs in the Appendix or Annex, they must continue the continuous numbering of the text.<\/p>\n<p>d) They must contain a title describing their content;<\/p>\n<p dir=\"ltr\">e) The notes of the figures \/ illustrations \/ graphs must be identified below the figure \/ illustration \/ graphs;<\/p>\n<p dir=\"ltr\">f) Any previously published material must be identified and the source mentioned. For the inclusion of figures \/ illustrations \/ graphics that have been previously published, the author (s) must obtain permission for the printed and online version. It should be noted that some publications do not provide the rights of electronic availability. In such cases, the Journal does not assume the return on costs that may arise from obtaining this permission.<\/p>\n<\/blockquote>\n<p dir=\"ltr\"><a href=\"http:\/\/www.iscpsi.pt\/investigacao\/investigID\/politeia\/SOBRE_ABOUT\/Documents\/Template_Politieia.docx\">Attachment<\/a><\/p>\n<p dir=\"ltr\">\n<\/p><p><strong>Copyright Statement<\/strong><\/p>\n<p>The Journal is committed to the integrity of the published content, which is why it subscribes to the ethical principles for scientific publication, in order to avoid less serious conduct that could compromise confidence in the Magazine, the Editorial Board, the Board and its scientific nature.<\/p>\n<div>&nbsp;<\/div>\n<p>The integrity of the investigations is based on:<\/p>\n<blockquote dir=\"ltr\">\n<p dir=\"ltr\">i) Failure to submit the manuscript to other journals for simultaneous evaluation;<\/p>\n<p dir=\"ltr\">ii) In the non-publication (partial or full) of the manuscript in another journal, with the exception of an expansion of previous investigations, in which case, it must produce evidence of this fact to avoid self plagiarism;<\/p>\n<p>iii) The data are not manufactured or manipulated to confirm conclusions;<\/p>\n<p>iv) Failure to present works, data, or theories without the necessary reference to the appropriate authors (plagiarism - plagiarism);<\/p>\n<p>v) In the use of anti-plagiarism software by the Magazine;<\/p>\n<p>vi) In the contribution of all authors to the submitted works, for which they are responsible and accountable for the results;<\/p>\n<p>vii) Not dividing a study to increase the number of submissions to the Magazine and \/ or other newspapers over time (salami-publishing);<\/p>\n<p>viii) Maintaining the order of the authors after acceptance of the manuscript;<\/p>\n<p>ix) In justified justification, through a letter to the Principal Editor or Editor-in-Chief, to request inclusion or elimination of authors during the review process.<\/p>\n<\/blockquote>\n<p class=\" translation-block\">Any supervening question can be clarified by consulting the site <a href=\"http:\/\/www.apastyle.org\/\" target=\"_self\"> http:\/\/www.apastyle.org <\/a><\/p>\n<p><a href=\"http:\/\/www.iscpsi.pt\/investigacao\/investigID\/politeia\/SOBRE_ABOUT\/Documents\/T%C3%ADtulo%20do%20Artigo.pdf\">Attachment<\/a><\/p>\n<p><\/p>\n<p><strong>Privacy policy<\/strong><\/p>\n<div>All information provided by the authors will be kept by the journal for publication purposes only. In addition, it will not be shared with third parties.<\/div>\t\t\t\t\t<\/div>\n\t\t\t\t\t\t<\/div>\n\t\t\t\t<\/div>\n\t\t\t\t\t\t<\/div>\n\t\t\t\t\t<\/div>\n\t\t<\/div>\n\t\t\t\t\t\t\t\t<\/div>\n\t\t\t\t\t<\/div>\n\t\t<\/section>\n\t\t\t\t\t\t\t\t\t<\/div>\n\t\t\t<\/div>\n\t\t\t\t\t<\/div>","protected":false},"excerpt":{"rendered":"<p>Submiss\u00e3o de artigos A submiss\u00e3o de artigos carece do cumprimento de um conjunto de pressupostos que se mencionam pro mem\u00f3ria: i) Enquadramento no \u00e2mbito da revista; ii) N\u00e3o dete\u00e7\u00e3o de pl\u00e1gio; iii) N\u00e3o ter sido objeto de publica\u00e7\u00e3o pr\u00e9via; iv) N\u00e3o estar sob avalia\u00e7\u00e3o noutra revista; v) Estar aprovado por todos os autores; vi) Obedecer [&hellip;]<\/p>","protected":false},"author":3,"featured_media":0,"parent":0,"menu_order":0,"comment_status":"closed","ping_status":"closed","template":"elementor_header_footer","meta":{"footnotes":""},"_links":{"self":[{"href":"https:\/\/politeia-online.pt\/en\/wp-json\/wp\/v2\/pages\/650"}],"collection":[{"href":"https:\/\/politeia-online.pt\/en\/wp-json\/wp\/v2\/pages"}],"about":[{"href":"https:\/\/politeia-online.pt\/en\/wp-json\/wp\/v2\/types\/page"}],"author":[{"embeddable":true,"href":"https:\/\/politeia-online.pt\/en\/wp-json\/wp\/v2\/users\/3"}],"replies":[{"embeddable":true,"href":"https:\/\/politeia-online.pt\/en\/wp-json\/wp\/v2\/comments?post=650"}],"version-history":[{"count":5,"href":"https:\/\/politeia-online.pt\/en\/wp-json\/wp\/v2\/pages\/650\/revisions"}],"predecessor-version":[{"id":1424,"href":"https:\/\/politeia-online.pt\/en\/wp-json\/wp\/v2\/pages\/650\/revisions\/1424"}],"wp:attachment":[{"href":"https:\/\/politeia-online.pt\/en\/wp-json\/wp\/v2\/media?parent=650"}],"curies":[{"name":"wp","href":"https:\/\/api.w.org\/{rel}","templated":true}]}}